{"id":229816,"date":"2025-03-18T14:17:09","date_gmt":"2025-03-18T13:17:09","guid":{"rendered":"https:\/\/vermessungsbuero-rosenau.de\/wordpress\/?page_id=229816"},"modified":"2025-03-25T10:41:48","modified_gmt":"2025-03-25T09:41:48","slug":"katastervermessung","status":"publish","type":"page","link":"https:\/\/vermessungsbuero-rosenau.de\/wordpress\/katastervermessung\/","title":{"rendered":"Katastervermessung"},"content":{"rendered":"<p>[et_pb_section fb_built=&#8220;1&#8243; custom_padding_last_edited=&#8220;on|tablet&#8220; _builder_version=&#8220;4.27.4&#8243; _module_preset=&#8220;default&#8220; background_image=&#8220;https:\/\/vermessungsbuero-rosenau.de\/wordpress\/wp-content\/uploads\/2025\/03\/Foto3.jpg&#8220; custom_margin=&#8220;0px||0px||false|false&#8220; custom_padding=&#8220;29vh||29vh||true|false&#8220; custom_padding_tablet=&#8220;180px||200px||false|false&#8220; custom_padding_phone=&#8220;110px||90px||false|false&#8220; bottom_divider_flip=&#8220;horizontal&#8220; box_shadow_style=&#8220;preset2&#8243; box_shadow_horizontal=&#8220;0px&#8220; box_shadow_color=&#8220;#6B6B6B&#8220; global_colors_info=&#8220;{}&#8220;][et_pb_row module_class=&#8220;construction-20-inlbtnsc&#8220; _builder_version=&#8220;4.22.2&#8243; _module_preset=&#8220;default&#8220; width=&#8220;90%&#8220; max_width=&#8220;1270px&#8220; custom_margin=&#8220;0px||0px||false|false&#8220; custom_padding=&#8220;0px||0px||false|false&#8220; animation_style=&#8220;slide&#8220; animation_direction=&#8220;left&#8220; animation_speed_curve=&#8220;ease&#8220; global_colors_info=&#8220;{}&#8220;][et_pb_column type=&#8220;4_4&#8243; _builder_version=&#8220;4.22.1&#8243; _module_preset=&#8220;default&#8220; global_colors_info=&#8220;{}&#8220;][et_pb_blurb title=&#8220;Pr\u00e4zision f\u00fcr Ihr Grundst\u00fcck&#8220; use_icon=&#8220;on&#8220; font_icon=&#8220;&#xf111;||fa||900&#8243; icon_color=&#8220;#f9ad00&#8243; icon_placement=&#8220;left&#8220; image_icon_width=&#8220;10px&#8220; _builder_version=&#8220;4.27.4&#8243; _module_preset=&#8220;default&#8220; header_font=&#8220;OpenSans regular||||||||&#8220; header_text_align=&#8220;left&#8220; header_text_color=&#8220;#071323&#8243; header_font_size=&#8220;22px&#8220; header_line_height=&#8220;1.2em&#8220; image_icon_custom_margin=&#8220;3px||0px||false|false&#8220; image_icon_custom_padding=&#8220;0px||0px||false|false&#8220; custom_margin=&#8220;0px||12px||false|false&#8220; custom_margin_tablet=&#8220;0px||11px||false|false&#8220; custom_margin_phone=&#8220;0px||5px||false|false&#8220; custom_margin_last_edited=&#8220;on|phone&#8220; custom_padding=&#8220;0px||0px||false|false&#8220; animation=&#8220;off&#8220; custom_css_blurb_title=&#8220;margin-left:-25px;&#8220; custom_css_blurb_content=&#8220;margin:0px;&#8220; global_colors_info=&#8220;{}&#8220;][\/et_pb_blurb][et_pb_text _builder_version=&#8220;4.27.4&#8243; _module_preset=&#8220;default&#8220; header_font=&#8220;OpenSans Extrabold|||on|||||&#8220; header_text_align=&#8220;left&#8220; header_text_color=&#8220;#000000&#8243; header_font_size=&#8220;100px&#8220; header_letter_spacing=&#8220;-3px&#8220; header_line_height=&#8220;0.9em&#8220; background_color=&#8220;#FFFFFF&#8220; max_width=&#8220;830px&#8220; custom_margin=&#8220;0px||5px||false|false&#8220; custom_padding=&#8220;6px|20px|0px|20px|false|false&#8220; custom_padding_tablet=&#8220;6px|20px|0px|20px|false|false&#8220; custom_padding_phone=&#8220;10px|10px|0px|10px|false|false&#8220; custom_padding_last_edited=&#8220;on|phone&#8220; header_font_size_tablet=&#8220;90px&#8220; header_font_size_phone=&#8220;45px&#8220; header_font_size_last_edited=&#8220;on|tablet&#8220; header_line_height_tablet=&#8220;0.9em&#8220; header_line_height_phone=&#8220;0.7em&#8220; header_line_height_last_edited=&#8220;on|phone&#8220; custom_css_main_element=&#8220;display:inline-block;&#8220; global_colors_info=&#8220;{}&#8220;]<\/p>\n<h1>Kataster<\/h1>\n<p>[\/et_pb_text][et_pb_text _builder_version=&#8220;4.27.4&#8243; _module_preset=&#8220;default&#8220; header_font=&#8220;OpenSans regular|||on|||||&#8220; header_text_align=&#8220;left&#8220; header_text_color=&#8220;#000000&#8243; header_font_size=&#8220;56px&#8220; header_letter_spacing=&#8220;-3px&#8220; max_width=&#8220;830px&#8220; custom_margin=&#8220;0px||10px|27px|false|false&#8220; custom_margin_tablet=&#8220;0px||10px||false|false&#8220; custom_margin_phone=&#8220;0px||5px||false|false&#8220; custom_margin_last_edited=&#8220;on|phone&#8220; custom_padding=&#8220;0px||0px||false|false&#8220; header_font_size_tablet=&#8220;90px&#8220; header_font_size_phone=&#8220;45px&#8220; header_font_size_last_edited=&#8220;on|tablet&#8220; global_colors_info=&#8220;{}&#8220;]<\/p>\n<h1>Vermessungen<\/h1>\n<p>[\/et_pb_text][et_pb_text _builder_version=&#8220;4.27.4&#8243; _module_preset=&#8220;default&#8220; text_font=&#8220;OpenSans regular||||||||&#8220; text_text_color=&#8220;#000000&#8243; text_line_height=&#8220;1.5em&#8220; max_width=&#8220;400px&#8220; custom_margin=&#8220;0px||30px|27px|false|false&#8220; custom_margin_tablet=&#8220;0px||30px||false|false&#8220; custom_margin_phone=&#8220;0px||25px||false|false&#8220; custom_margin_last_edited=&#8220;on|phone&#8220; custom_padding=&#8220;0px||0px||false|false&#8220; text_font_size_tablet=&#8220;20px&#8220; text_font_size_phone=&#8220;18px&#8220; text_font_size_last_edited=&#8220;on|phone&#8220; global_colors_info=&#8220;{}&#8220;]<\/p>\n<p><span>Die Katastervermessung sichert die exakten Grenzen und Fl\u00e4chen von Grundst\u00fccken und dient als Grundlage f\u00fcr Eigentumsnachweise, Bauvorhaben und rechtssichere Planungen. Unsere Experten f\u00fchren Vermessungen pr\u00e4zise nach den gesetzlichen Vorgaben durch und sorgen f\u00fcr eine zuverl\u00e4ssige Dokumentation. Kontaktieren Sie uns f\u00fcr eine professionelle Beratung!<\/span><\/p>\n<p>[\/et_pb_text][et_pb_code admin_label=&#8220;inline-button code&#8220; _builder_version=&#8220;4.22.1&#8243; _module_preset=&#8220;default&#8220; custom_margin=&#8220;0px||0px||false|false&#8220; custom_padding=&#8220;0px||0px||false|false&#8220; global_colors_info=&#8220;{}&#8220;]<\/p>\n<style><!-- [et_pb_line_break_holder] -->  .construction-20-inlbtnsc<!-- [et_pb_line_break_holder] -->.et_pb_button_module_wrapper {<!-- [et_pb_line_break_holder] -->display: inline-block;<!-- [et_pb_line_break_holder] --><!-- [et_pb_line_break_holder] -->}<!-- [et_pb_line_break_holder] --><!-- [et_pb_line_break_holder] --><\/style>\n<p>[\/et_pb_code][\/et_pb_column][\/et_pb_row][\/et_pb_section][et_pb_section fb_built=&#8220;1&#8243; custom_padding_last_edited=&#8220;on|phone&#8220; _builder_version=&#8220;4.27.4&#8243; _module_preset=&#8220;default&#8220; background_color=&#8220;#f1f1f1&#8243; background_enable_image=&#8220;off&#8220; custom_margin=&#8220;0px||0px||false|false&#8220; custom_padding=&#8220;100px||100px||false|false&#8220; custom_padding_tablet=&#8220;90px||100px||false|false&#8220; custom_padding_phone=&#8220;85px||90px||false|false&#8220; global_colors_info=&#8220;{}&#8220;][et_pb_row column_structure=&#8220;1_2,1_2&#8243; use_custom_gutter=&#8220;on&#8220; gutter_width=&#8220;1&#8243; _builder_version=&#8220;4.27.4&#8243; _module_preset=&#8220;default&#8220; custom_margin=&#8220;0px||100px||false|false&#8220; custom_padding=&#8220;0px||0px||false|false&#8220; hover_enabled=&#8220;0&#8243; global_colors_info=&#8220;{}&#8220; custom_margin_last_edited=&#8220;on|phone&#8220; custom_margin_phone=&#8220;0px||0px||false|false&#8220; sticky_enabled=&#8220;0&#8243; custom_margin_tablet=&#8220;0px||100px||false|false&#8220;][et_pb_column type=&#8220;1_2&#8243; _builder_version=&#8220;4.22.2&#8243; _module_preset=&#8220;default&#8220; transform_translate_linked__hover=&#8220;off&#8220; custom_padding=&#8220;|15px||15px|false|false&#8220; custom_padding_tablet=&#8220;|15px||15px|false|false&#8220; custom_padding_phone=&#8220;|0px||0px|false|false&#8220; custom_padding_last_edited=&#8220;on|phone&#8220; animation_style=&#8220;slide&#8220; animation_duration=&#8220;700ms&#8220; animation_delay=&#8220;500ms&#8220; animation_speed_curve=&#8220;ease&#8220; link_option_url=&#8220;#&#8220; global_colors_info=&#8220;{}&#8220; transform_styles__hover_enabled=&#8220;on|hover&#8220; transform_scale__hover_enabled=&#8220;on|desktop&#8220; transform_translate__hover_enabled=&#8220;on|hover&#8220; transform_rotate__hover_enabled=&#8220;on|desktop&#8220; transform_skew__hover_enabled=&#8220;on|desktop&#8220; transform_origin__hover_enabled=&#8220;on|desktop&#8220; transform_translate__hover=&#8220;0px|-8px&#8220;][et_pb_text _builder_version=&#8220;4.27.4&#8243; _module_preset=&#8220;default&#8220; header_font=&#8220;OpenSans Extrabold||||||||&#8220; header_text_align=&#8220;left&#8220; header_text_color=&#8220;#000000&#8243; header_font_size=&#8220;25px&#8220; header_line_height=&#8220;0.9em&#8220; max_width=&#8220;830px&#8220; custom_margin=&#8220;0px||24px||false|false&#8220; custom_padding=&#8220;6px|20px|0px|20px|false|false&#8220; custom_padding_tablet=&#8220;6px|20px|0px|20px|false|false&#8220; custom_padding_phone=&#8220;10px|10px|0px|10px|false|false&#8220; custom_padding_last_edited=&#8220;on|phone&#8220; header_font_size_tablet=&#8220;90px&#8220; header_font_size_phone=&#8220;21px&#8220; header_font_size_last_edited=&#8220;on|tablet&#8220; header_line_height_tablet=&#8220;0.9em&#8220; header_line_height_phone=&#8220;1.1em&#8220; header_line_height_last_edited=&#8220;on|phone&#8220; custom_css_main_element=&#8220;display:inline-block;&#8220; global_colors_info=&#8220;{}&#8220; background_color=&#8220;#FFFFFF&#8220;]<\/p>\n<h1>Zerlegung<\/h1>\n<p>[\/et_pb_text][et_pb_text _builder_version=&#8220;4.27.4&#8243; _module_preset=&#8220;default&#8220; text_font=&#8220;OpenSans regular||||||||&#8220; text_text_color=&#8220;#666666&#8243; text_line_height=&#8220;1.6em&#8220; header_2_font=&#8220;OpenSans regular||||||||&#8220; header_2_font_size=&#8220;14px&#8220; header_2_line_height=&#8220;1.4em&#8220; width=&#8220;75%&#8220; custom_margin=&#8220;0px||0px||false|false&#8220; custom_padding=&#8220;27px||12px||false|false&#8220; border_style_all=&#8220;dashed&#8220; border_width_top=&#8220;1px&#8220; border_color_top=&#8220;#071323&#8243; global_colors_info=&#8220;{}&#8220;]<\/p>\n<p>Unter Zerlegungsvermessung versteht man die Bildung von neuen Flurst\u00fccken durch Aufteilung eines bestehenden Flurst\u00fccks. Zerlegungsvermessungen sind beispielsweise im Zusammenhang mit der Bildung von bebaubaren Grundst\u00fccken oder zur Anpassung der Grenzen nach einer Stra\u00dfenverbreiterung erforderlich. &#8230;<\/p>\n<p>[\/et_pb_text][\/et_pb_column][et_pb_column type=&#8220;1_2&#8243; _builder_version=&#8220;4.22.2&#8243; _module_preset=&#8220;default&#8220; transform_translate_linked__hover=&#8220;off&#8220; custom_padding=&#8220;|15px||15px|false|false&#8220; custom_padding_tablet=&#8220;|15px||15px|false|false&#8220; custom_padding_phone=&#8220;|0px||0px|false|false&#8220; custom_padding_last_edited=&#8220;on|phone&#8220; animation_style=&#8220;slide&#8220; animation_duration=&#8220;700ms&#8220; animation_delay=&#8220;750ms&#8220; animation_speed_curve=&#8220;ease&#8220; link_option_url=&#8220;#&#8220; global_colors_info=&#8220;{}&#8220; transform_styles__hover_enabled=&#8220;on|hover&#8220; transform_scale__hover_enabled=&#8220;on|desktop&#8220; transform_translate__hover_enabled=&#8220;on|hover&#8220; transform_rotate__hover_enabled=&#8220;on|desktop&#8220; transform_skew__hover_enabled=&#8220;on|desktop&#8220; transform_origin__hover_enabled=&#8220;on|desktop&#8220; transform_translate__hover=&#8220;0px|-8px&#8220;][et_pb_text content_tablet=&#8220;<\/p>\n<h1>Grenzwiederherstellung<\/h1>\n<p>&#8220; content_phone=&#8220;<\/p>\n<h1>Grenzwieder-<br \/>herstellung<\/h1>\n<p>&#8220; content_last_edited=&#8220;on|phone&#8220; _builder_version=&#8220;4.27.4&#8243; _module_preset=&#8220;default&#8220; header_font=&#8220;OpenSans Extrabold||||||||&#8220; header_text_align=&#8220;left&#8220; header_text_color=&#8220;#000000&#8243; header_font_size=&#8220;25px&#8220; header_line_height=&#8220;0.9em&#8220; max_width=&#8220;830px&#8220; custom_margin=&#8220;0px||24px||false|false&#8220; custom_padding=&#8220;6px|20px|0px|20px|false|false&#8220; custom_padding_tablet=&#8220;6px|20px|0px|20px|false|false&#8220; custom_padding_phone=&#8220;10px|10px|0px|10px|false|false&#8220; custom_padding_last_edited=&#8220;on|phone&#8220; header_font_size_tablet=&#8220;90px&#8220; header_font_size_phone=&#8220;21px&#8220; header_font_size_last_edited=&#8220;on|tablet&#8220; header_line_height_tablet=&#8220;0.9em&#8220; header_line_height_phone=&#8220;1.1em&#8220; header_line_height_last_edited=&#8220;on|phone&#8220; custom_css_main_element=&#8220;display:inline-block;&#8220; global_colors_info=&#8220;{}&#8220; background_color=&#8220;#FFFFFF&#8220;]<\/p>\n<h1>Grenzwiederherstellung<\/h1>\n<p>[\/et_pb_text][et_pb_text _builder_version=&#8220;4.27.4&#8243; _module_preset=&#8220;default&#8220; text_font=&#8220;OpenSans regular||||||||&#8220; text_text_color=&#8220;#666666&#8243; text_line_height=&#8220;1.6em&#8220; header_2_font=&#8220;OpenSans regular||||||||&#8220; header_2_font_size=&#8220;14px&#8220; header_2_line_height=&#8220;1.4em&#8220; width=&#8220;75%&#8220; custom_margin=&#8220;0px||0px||false|false&#8220; custom_padding=&#8220;27px||12px||false|false&#8220; border_style_all=&#8220;dashed&#8220; border_width_top=&#8220;1px&#8220; border_color_top=&#8220;#071323&#8243; global_colors_info=&#8220;{}&#8220;]<\/p>\n<p><span>Mit einer Grenzwiederherstellung wird der Verlauf einer oder mehrerer bestehender Flurst\u00fccksgrenzen nach den Katasterunterlagen in der \u00d6rtlichkeit amtlich festgestellt. Eine Grenzwiederherstellung bietet sich an, wenn die Flurst\u00fccksgrenzen in der \u00d6rtlichkeit nicht eindeutig zu erkennen sind bzw. wenn Zweifel an der Richtigkeit des \u00f6rtlichen Verlaufs bestehen.<\/span><\/p>\n<p>[\/et_pb_text][\/et_pb_column][\/et_pb_row][et_pb_row column_structure=&#8220;1_2,1_2&#8243; use_custom_gutter=&#8220;on&#8220; gutter_width=&#8220;1&#8243; _builder_version=&#8220;4.27.4&#8243; _module_preset=&#8220;default&#8220; custom_margin=&#8220;0px||100px||false|false&#8220; custom_padding=&#8220;0px||0px||false|false&#8220; global_colors_info=&#8220;{}&#8220;][et_pb_column type=&#8220;1_2&#8243; _builder_version=&#8220;4.22.2&#8243; _module_preset=&#8220;default&#8220; transform_translate_linked__hover=&#8220;off&#8220; custom_padding=&#8220;|15px||15px|false|false&#8220; custom_padding_tablet=&#8220;|15px||15px|false|false&#8220; custom_padding_phone=&#8220;|0px||0px|false|false&#8220; custom_padding_last_edited=&#8220;on|phone&#8220; animation_style=&#8220;slide&#8220; animation_duration=&#8220;700ms&#8220; animation_delay=&#8220;500ms&#8220; animation_speed_curve=&#8220;ease&#8220; link_option_url=&#8220;#&#8220; global_colors_info=&#8220;{}&#8220; transform_styles__hover_enabled=&#8220;on|hover&#8220; transform_scale__hover_enabled=&#8220;on|desktop&#8220; transform_translate__hover_enabled=&#8220;on|hover&#8220; transform_rotate__hover_enabled=&#8220;on|desktop&#8220; transform_skew__hover_enabled=&#8220;on|desktop&#8220; transform_origin__hover_enabled=&#8220;on|desktop&#8220; transform_translate__hover=&#8220;0px|-8px&#8220;][et_pb_text _builder_version=&#8220;4.27.4&#8243; _module_preset=&#8220;default&#8220; header_font=&#8220;OpenSans Extrabold||||||||&#8220; header_text_align=&#8220;left&#8220; header_text_color=&#8220;#000000&#8243; header_font_size=&#8220;25px&#8220; header_line_height=&#8220;0.9em&#8220; max_width=&#8220;830px&#8220; custom_margin=&#8220;0px||24px||false|false&#8220; custom_padding=&#8220;6px|20px|0px|20px|false|false&#8220; custom_padding_tablet=&#8220;6px|20px|0px|20px|false|false&#8220; custom_padding_phone=&#8220;10px|10px|0px|10px|false|false&#8220; custom_padding_last_edited=&#8220;on|phone&#8220; header_font_size_tablet=&#8220;90px&#8220; header_font_size_phone=&#8220;21px&#8220; header_font_size_last_edited=&#8220;on|tablet&#8220; header_line_height_tablet=&#8220;0.9em&#8220; header_line_height_phone=&#8220;1.1em&#8220; header_line_height_last_edited=&#8220;on|phone&#8220; custom_css_main_element=&#8220;display:inline-block;&#8220; global_colors_info=&#8220;{}&#8220; background_color=&#8220;#FFFFFF&#8220;]<\/p>\n<h1>Amtliche Geb\u00e4udeaufnahme<\/h1>\n<p>[\/et_pb_text][et_pb_text _builder_version=&#8220;4.27.4&#8243; _module_preset=&#8220;default&#8220; text_font=&#8220;OpenSans regular||||||||&#8220; text_text_color=&#8220;#666666&#8243; text_line_height=&#8220;1.6em&#8220; header_2_font=&#8220;OpenSans regular||||||||&#8220; header_2_font_size=&#8220;14px&#8220; header_2_line_height=&#8220;1.4em&#8220; width=&#8220;75%&#8220; custom_margin=&#8220;0px||0px||false|false&#8220; custom_padding=&#8220;27px||12px||false|false&#8220; border_style_all=&#8220;dashed&#8220; border_width_top=&#8220;1px&#8220; border_color_top=&#8220;#071323&#8243; global_colors_info=&#8220;{}&#8220;]<\/p>\n<p>Die amtliche Geb\u00e4udeaufnahme stellt sicher, dass alle Geb\u00e4ude korrekt im Liegenschaftskataster erfasst werden. Sie dient als Grundlage f\u00fcr Eigentumsnachweise, Bauantr\u00e4ge und steuerliche Bewertungen. Unsere Vermessungsexperten dokumentieren neue, ver\u00e4nderte oder abgerissene Geb\u00e4ude pr\u00e4zise und rechtssicher. Kontaktieren Sie uns f\u00fcr eine professionelle Aufnahme!<\/p>\n<p>[\/et_pb_text][\/et_pb_column][et_pb_column type=&#8220;1_2&#8243; _builder_version=&#8220;4.22.2&#8243; _module_preset=&#8220;default&#8220; transform_translate_linked__hover=&#8220;off&#8220; custom_padding=&#8220;|15px||15px|false|false&#8220; custom_padding_tablet=&#8220;|15px||15px|false|false&#8220; custom_padding_phone=&#8220;|0px||0px|false|false&#8220; custom_padding_last_edited=&#8220;on|phone&#8220; animation_style=&#8220;slide&#8220; animation_duration=&#8220;700ms&#8220; animation_delay=&#8220;750ms&#8220; animation_speed_curve=&#8220;ease&#8220; link_option_url=&#8220;#&#8220; global_colors_info=&#8220;{}&#8220; transform_styles__hover_enabled=&#8220;on|hover&#8220; transform_scale__hover_enabled=&#8220;on|desktop&#8220; transform_translate__hover_enabled=&#8220;on|hover&#8220; transform_rotate__hover_enabled=&#8220;on|desktop&#8220; transform_skew__hover_enabled=&#8220;on|desktop&#8220; transform_origin__hover_enabled=&#8220;on|desktop&#8220; transform_translate__hover=&#8220;0px|-8px&#8220;][et_pb_text _builder_version=&#8220;4.27.4&#8243; _module_preset=&#8220;default&#8220; header_font=&#8220;OpenSans Extrabold||||||||&#8220; header_text_align=&#8220;left&#8220; header_text_color=&#8220;#000000&#8243; header_font_size=&#8220;25px&#8220; header_line_height=&#8220;0.9em&#8220; max_width=&#8220;830px&#8220; custom_margin=&#8220;0px||24px||false|false&#8220; custom_padding=&#8220;6px|20px|0px|20px|false|false&#8220; custom_padding_tablet=&#8220;6px|20px|0px|20px|false|false&#8220; custom_padding_phone=&#8220;10px|10px|0px|10px|false|false&#8220; custom_padding_last_edited=&#8220;on|phone&#8220; header_font_size_tablet=&#8220;90px&#8220; header_font_size_phone=&#8220;21px&#8220; header_font_size_last_edited=&#8220;on|tablet&#8220; header_line_height_tablet=&#8220;0.9em&#8220; header_line_height_phone=&#8220;1.1em&#8220; header_line_height_last_edited=&#8220;on|phone&#8220; custom_css_main_element=&#8220;display:inline-block;&#8220; global_colors_info=&#8220;{}&#8220; background_color=&#8220;#FFFFFF&#8220;]<\/p>\n<h1>Verschmelzung<\/h1>\n<p>[\/et_pb_text][et_pb_text _builder_version=&#8220;4.27.4&#8243; _module_preset=&#8220;default&#8220; text_font=&#8220;OpenSans regular||||||||&#8220; text_text_color=&#8220;#666666&#8243; text_line_height=&#8220;1.6em&#8220; header_2_font=&#8220;OpenSans regular||||||||&#8220; header_2_font_size=&#8220;14px&#8220; header_2_line_height=&#8220;1.4em&#8220; width=&#8220;75%&#8220; custom_margin=&#8220;0px||0px||false|false&#8220; custom_padding=&#8220;27px||12px||false|false&#8220; border_style_all=&#8220;dashed&#8220; border_width_top=&#8220;1px&#8220; border_color_top=&#8220;#071323&#8243; global_colors_info=&#8220;{}&#8220;]<\/p>\n<p>Verschmelzung ist die Zusammenf\u00fcgung von mindestens zwei Flurst\u00fccken zu einem Flurst\u00fcck und dient im Wesentlichen der Vereinfachung des Katasters. Daher werden Verschmelzungen auf Antrag und von Amts wegen durchgef\u00fchrt.<\/p>\n<p>[\/et_pb_text][\/et_pb_column][\/et_pb_row][\/et_pb_section]<\/p>\n","protected":false},"excerpt":{"rendered":"<p>Das Vermessungsb\u00fcro Rosenau in Hoyerswerda wird von Dr.-Ing. Ralf Rosenau, einem \u00f6ffentlich bestellten Vermessungsingenieur, geleitet.<\/p>\n","protected":false},"author":1,"featured_media":229810,"parent":0,"menu_order":0,"comment_status":"closed","ping_status":"closed","template":"","meta":{"_et_pb_use_builder":"on","_et_pb_old_content":"","_et_gb_content_width":"","footnotes":""},"class_list":["post-229816","page","type-page","status-publish","has-post-thumbnail","hentry"],"_links":{"self":[{"href":"https:\/\/vermessungsbuero-rosenau.de\/wordpress\/wp-json\/wp\/v2\/pages\/229816","targetHints":{"allow":["GET"]}}],"collection":[{"href":"https:\/\/vermessungsbuero-rosenau.de\/wordpress\/wp-json\/wp\/v2\/pages"}],"about":[{"href":"https:\/\/vermessungsbuero-rosenau.de\/wordpress\/wp-json\/wp\/v2\/types\/page"}],"author":[{"embeddable":true,"href":"https:\/\/vermessungsbuero-rosenau.de\/wordpress\/wp-json\/wp\/v2\/users\/1"}],"replies":[{"embeddable":true,"href":"https:\/\/vermessungsbuero-rosenau.de\/wordpress\/wp-json\/wp\/v2\/comments?post=229816"}],"version-history":[{"count":13,"href":"https:\/\/vermessungsbuero-rosenau.de\/wordpress\/wp-json\/wp\/v2\/pages\/229816\/revisions"}],"predecessor-version":[{"id":229918,"href":"https:\/\/vermessungsbuero-rosenau.de\/wordpress\/wp-json\/wp\/v2\/pages\/229816\/revisions\/229918"}],"wp:featuredmedia":[{"embeddable":true,"href":"https:\/\/vermessungsbuero-rosenau.de\/wordpress\/wp-json\/wp\/v2\/media\/229810"}],"wp:attachment":[{"href":"https:\/\/vermessungsbuero-rosenau.de\/wordpress\/wp-json\/wp\/v2\/media?parent=229816"}],"curies":[{"name":"wp","href":"https:\/\/api.w.org\/{rel}","templated":true}]}}