{"id":229863,"date":"2025-03-19T09:59:55","date_gmt":"2025-03-19T08:59:55","guid":{"rendered":"https:\/\/vermessungsbuero-rosenau.de\/wordpress\/?page_id=229863"},"modified":"2025-07-09T15:16:22","modified_gmt":"2025-07-09T13:16:22","slug":"impressum","status":"publish","type":"page","link":"https:\/\/vermessungsbuero-rosenau.de\/wordpress\/impressum\/","title":{"rendered":"Impressum"},"content":{"rendered":"<p>[et_pb_section fb_built=&#8220;1&#8243; custom_padding_last_edited=&#8220;on|phone&#8220; _builder_version=&#8220;4.27.4&#8243; _module_preset=&#8220;default&#8220; background_color=&#8220;#f1f1f1&#8243; background_image=&#8220;https:\/\/vermessungsbuero-rosenau.de\/wordpress\/wp-content\/uploads\/2025\/03\/Element-1-1.png&#8220; custom_margin=&#8220;0px||0px||false|false&#8220; custom_padding=&#8220;150px||150px||false|false&#8220; custom_padding_tablet=&#8220;90px||100px||false|false&#8220; custom_padding_phone=&#8220;85px||90px||false|false&#8220; global_colors_info=&#8220;{}&#8220;][\/et_pb_section][et_pb_section fb_built=&#8220;1&#8243; _builder_version=&#8220;4.27.4&#8243; _module_preset=&#8220;default&#8220; global_colors_info=&#8220;{}&#8220;][et_pb_row column_structure=&#8220;2_5,3_5&#8243; _builder_version=&#8220;4.27.4&#8243; _module_preset=&#8220;default&#8220; global_colors_info=&#8220;{}&#8220;][et_pb_column type=&#8220;2_5&#8243; _builder_version=&#8220;4.27.4&#8243; _module_preset=&#8220;default&#8220; global_colors_info=&#8220;{}&#8220;][et_pb_text _builder_version=&#8220;4.27.4&#8243; _module_preset=&#8220;default&#8220; header_font=&#8220;OpenSans regular||||||||&#8220; header_text_align=&#8220;left&#8220; header_text_color=&#8220;#000000&#8243; header_font_size=&#8220;45px&#8220; max_width=&#8220;830px&#8220; custom_margin=&#8220;0px||10px||false|false&#8220; custom_margin_tablet=&#8220;0px||10px||false|false&#8220; custom_margin_phone=&#8220;0px||5px||false|false&#8220; custom_margin_last_edited=&#8220;on|phone&#8220; custom_padding=&#8220;0px||0px||false|false&#8220; header_font_size_tablet=&#8220;90px&#8220; header_font_size_phone=&#8220;45px&#8220; header_font_size_last_edited=&#8220;on|tablet&#8220; global_colors_info=&#8220;{}&#8220;]<\/p>\n<h1>Impressum<\/h1>\n<p>[\/et_pb_text][et_pb_text _builder_version=&#8220;4.27.4&#8243; _module_preset=&#8220;default&#8220; text_font=&#8220;OpenSans regular||||||||&#8220; text_text_color=&#8220;#000000&#8243; text_font_size=&#8220;22px&#8220; text_line_height=&#8220;1.3em&#8220; global_colors_info=&#8220;{}&#8220;]<\/p>\n<p>\u00d6ffentlich bestellter<br \/>Vermessungsingenieur<\/p>\n<p>[\/et_pb_text][et_pb_image src=&#8220;https:\/\/vermessungsbuero-rosenau.de\/wordpress\/wp-content\/uploads\/2025\/03\/Signet1993_rgb-scaled.gif&#8220; title_text=&#8220;Signet1993_rgb&#8220; _builder_version=&#8220;4.27.4&#8243; _module_preset=&#8220;default&#8220; width=&#8220;29%&#8220; max_width=&#8220;29%&#8220; global_colors_info=&#8220;{}&#8220;][\/et_pb_image][et_pb_text _builder_version=&#8220;4.27.4&#8243; _module_preset=&#8220;default&#8220; text_font=&#8220;OpenSans regular||||||||&#8220; text_line_height=&#8220;1.5em&#8220; global_colors_info=&#8220;{}&#8220;]<\/p>\n<p>Dr.-Ing. Ralf Rosenau<br \/>Stra\u00dfe A Nr. 6<br \/>02977 Hoyerswerda<\/p>\n<p>Tel.: 03571 \/ 4205 &#8211; 0<br \/>Fax : 03571 \/ 4205 &#8211; 30<\/p>\n<p>E-Mail: <a id=\"mailto\" href=\"mailto:info@vermessungsbuero-rosenau.de\">info@vermessungsbuero-rosenau.de<\/a><\/p>\n<p>[\/et_pb_text][\/et_pb_column][et_pb_column type=&#8220;3_5&#8243; _builder_version=&#8220;4.27.4&#8243; _module_preset=&#8220;default&#8220; global_colors_info=&#8220;{}&#8220;][et_pb_text _builder_version=&#8220;4.27.4&#8243; _module_preset=&#8220;default&#8220; header_font=&#8220;OpenSans regular||||||||&#8220; header_text_align=&#8220;left&#8220; header_text_color=&#8220;#000000&#8243; header_font_size=&#8220;24px&#8220; max_width=&#8220;830px&#8220; custom_margin=&#8220;0px||10px||false|false&#8220; custom_margin_tablet=&#8220;0px||10px||false|false&#8220; custom_margin_phone=&#8220;0px||5px||false|false&#8220; custom_margin_last_edited=&#8220;on|phone&#8220; custom_padding=&#8220;0px||0px||false|false&#8220; header_font_size_tablet=&#8220;90px&#8220; header_font_size_phone=&#8220;30px&#8220; header_font_size_last_edited=&#8220;on|tablet&#8220; global_colors_info=&#8220;{}&#8220;]<\/p>\n<h1>Berufsrechtliche Angaben<\/h1>\n<p>[\/et_pb_text][et_pb_text _builder_version=&#8220;4.27.4&#8243; _module_preset=&#8220;default&#8220; global_colors_info=&#8220;{}&#8220;]<\/p>\n<p><strong>Berufsbezeichnung:<\/strong><br \/><span>\u00d6ffentlich bestellter Vermessungsingenieur (\u00d6bVI)<\/span><\/p>\n<p><span><strong>Verliehen im:<\/strong><br \/>Freistaat Sachsen<br \/><\/span><\/p>\n<p>[\/et_pb_text][et_pb_text _builder_version=&#8220;4.27.4&#8243; _module_preset=&#8220;default&#8220; header_font=&#8220;OpenSans Extrabold|||on|||||&#8220; header_text_align=&#8220;left&#8220; header_text_color=&#8220;#000000&#8243; header_font_size=&#8220;25px&#8220; header_line_height=&#8220;0.9em&#8220; header_2_font_size=&#8220;23px&#8220; background_color=&#8220;#FFFFFF&#8220; max_width=&#8220;830px&#8220; custom_margin=&#8220;0px||24px||false|false&#8220; custom_padding=&#8220;6px|20px|0px|0px|false|false&#8220; custom_padding_tablet=&#8220;6px|20px|0px|20px|false|false&#8220; custom_padding_phone=&#8220;9px|10px|0px|0px|false|false&#8220; custom_padding_last_edited=&#8220;on|phone&#8220; header_font_size_tablet=&#8220;90px&#8220; header_font_size_phone=&#8220;29px&#8220; header_font_size_last_edited=&#8220;on|tablet&#8220; header_line_height_tablet=&#8220;0.9em&#8220; header_line_height_phone=&#8220;0.9em&#8220; header_line_height_last_edited=&#8220;on|phone&#8220; custom_css_main_element=&#8220;display:inline-block;&#8220; global_colors_info=&#8220;{}&#8220;]<\/p>\n<h2>Zust\u00e4ndige Aufsichtsbeh\u00f6rde<\/h2>\n<p>[\/et_pb_text][et_pb_text _builder_version=&#8220;4.27.4&#8243; _module_preset=&#8220;default&#8220; global_colors_info=&#8220;{}&#8220;]<\/p>\n<p><span>Staatsbetrieb Geobasisinformation und Vermessung Sachsen (GeoSN)<\/span><br \/><span>Postfach 10 02 44<\/span><br \/><span>01072 Dresden<\/span><\/p>\n<p>[\/et_pb_text][et_pb_text _builder_version=&#8220;4.27.4&#8243; _module_preset=&#8220;default&#8220; header_font=&#8220;OpenSans Extrabold|||on|||||&#8220; header_text_align=&#8220;left&#8220; header_text_color=&#8220;#000000&#8243; header_font_size=&#8220;25px&#8220; header_line_height=&#8220;0.9em&#8220; header_2_font_size=&#8220;23px&#8220; background_color=&#8220;#FFFFFF&#8220; max_width=&#8220;830px&#8220; custom_margin=&#8220;0px||24px||false|false&#8220; custom_padding=&#8220;6px|20px|0px|0px|false|false&#8220; custom_padding_tablet=&#8220;6px|20px|0px|20px|false|false&#8220; custom_padding_phone=&#8220;9px|10px|0px|0px|false|false&#8220; custom_padding_last_edited=&#8220;on|phone&#8220; header_font_size_tablet=&#8220;90px&#8220; header_font_size_phone=&#8220;29px&#8220; header_font_size_last_edited=&#8220;on|tablet&#8220; header_line_height_tablet=&#8220;0.9em&#8220; header_line_height_phone=&#8220;0.9em&#8220; header_line_height_last_edited=&#8220;on|phone&#8220; custom_css_main_element=&#8220;display:inline-block;&#8220; global_colors_info=&#8220;{}&#8220;]<\/p>\n<h3>Zust\u00e4ndige Kammer:<\/h3>\n<p>[\/et_pb_text][et_pb_text _builder_version=&#8220;4.27.4&#8243; _module_preset=&#8220;default&#8220; global_colors_info=&#8220;{}&#8220;]<\/p>\n<p><span>Ingenieurkammer Sachsen<\/span><\/p>\n<p>[\/et_pb_text][et_pb_text _builder_version=&#8220;4.27.4&#8243; _module_preset=&#8220;default&#8220; header_font=&#8220;OpenSans Extrabold|||on|||||&#8220; header_text_align=&#8220;left&#8220; header_text_color=&#8220;#000000&#8243; header_font_size=&#8220;25px&#8220; header_line_height=&#8220;0.9em&#8220; header_2_font_size=&#8220;23px&#8220; background_color=&#8220;#FFFFFF&#8220; max_width=&#8220;830px&#8220; custom_margin=&#8220;0px||24px||false|false&#8220; custom_padding=&#8220;6px|20px|0px|0px|false|false&#8220; custom_padding_tablet=&#8220;6px|20px|0px|20px|false|false&#8220; custom_padding_phone=&#8220;9px|10px|0px|0px|false|false&#8220; custom_padding_last_edited=&#8220;on|phone&#8220; header_font_size_tablet=&#8220;90px&#8220; header_font_size_phone=&#8220;29px&#8220; header_font_size_last_edited=&#8220;on|tablet&#8220; header_line_height_tablet=&#8220;0.9em&#8220; header_line_height_phone=&#8220;0.9em&#8220; header_line_height_last_edited=&#8220;on|phone&#8220; custom_css_main_element=&#8220;display:inline-block;&#8220; global_colors_info=&#8220;{}&#8220;]<\/p>\n<h2>Berufsrechtliche Regelungen<\/h2>\n<p>[\/et_pb_text][et_pb_text _builder_version=&#8220;4.27.4&#8243; _module_preset=&#8220;default&#8220; header_font=&#8220;OpenSans Extrabold|||on|||||&#8220; header_text_align=&#8220;left&#8220; header_text_color=&#8220;#000000&#8243; header_font_size=&#8220;25px&#8220; header_line_height=&#8220;0.9em&#8220; background_color=&#8220;#FFFFFF&#8220; max_width=&#8220;830px&#8220; custom_margin=&#8220;0px||24px||false|false&#8220; custom_padding=&#8220;6px|20px|0px|0px|false|false&#8220; custom_padding_tablet=&#8220;6px|20px|0px|20px|false|false&#8220; custom_padding_phone=&#8220;10px|10px|0px|0px|false|false&#8220; custom_padding_last_edited=&#8220;on|phone&#8220; header_font_size_tablet=&#8220;90px&#8220; header_font_size_phone=&#8220;29px&#8220; header_font_size_last_edited=&#8220;on|tablet&#8220; header_line_height_tablet=&#8220;0.9em&#8220; header_line_height_phone=&#8220;0.9em&#8220; header_line_height_last_edited=&#8220;on|phone&#8220; custom_css_main_element=&#8220;display:inline-block;&#8220; global_colors_info=&#8220;{}&#8220;]<\/p>\n<p><span>S\u00e4chsische Verordnung \u00fcber \u00d6ffentlich bestellte Vermessungsingenieure (S\u00e4chs\u00d6bVIVO)<\/span><\/p>\n<p>[\/et_pb_text][et_pb_text _builder_version=&#8220;4.27.4&#8243; _module_preset=&#8220;default&#8220; header_font=&#8220;OpenSans Extrabold|||on|||||&#8220; header_text_align=&#8220;left&#8220; header_text_color=&#8220;#000000&#8243; header_font_size=&#8220;25px&#8220; header_line_height=&#8220;0.9em&#8220; header_2_font_size=&#8220;23px&#8220; background_color=&#8220;#FFFFFF&#8220; max_width=&#8220;830px&#8220; custom_margin=&#8220;0px||24px||false|false&#8220; custom_padding=&#8220;6px|20px|0px|0px|false|false&#8220; custom_padding_tablet=&#8220;6px|20px|0px|20px|false|false&#8220; custom_padding_phone=&#8220;9px|10px|0px|0px|false|false&#8220; custom_padding_last_edited=&#8220;on|phone&#8220; header_font_size_tablet=&#8220;90px&#8220; header_font_size_phone=&#8220;29px&#8220; header_font_size_last_edited=&#8220;on|tablet&#8220; header_line_height_tablet=&#8220;0.9em&#8220; header_line_height_phone=&#8220;0.9em&#8220; header_line_height_last_edited=&#8220;on|phone&#8220; custom_css_main_element=&#8220;display:inline-block;&#8220; global_colors_info=&#8220;{}&#8220;]<\/p>\n<h2>Berufshaftpflichtversicherung<\/h2>\n<p>[\/et_pb_text][et_pb_text _builder_version=&#8220;4.27.4&#8243; _module_preset=&#8220;default&#8220; global_colors_info=&#8220;{}&#8220;]<\/p>\n<p><span>AXA Versicherung AG<\/span><br \/><span>Postfach 80 01 61<\/span><br \/><span>70501 Stuttgart<\/span><\/p>\n<p>[\/et_pb_text][et_pb_text content_tablet=&#8220;<\/p>\n<h2>Hinweis gem\u00e4\u00df \u00a7 36 Verbraucherstreitbeilegungsgesetz (VSBG)<\/h2>\n<p>&#8220; content_phone=&#8220;<\/p>\n<h2>Hinweis gem\u00e4\u00df \u00a7 36 Verbraucher-<br \/>streitbeilegungsgesetz<br \/>(VSBG)<\/h2>\n<p>&#8220; content_last_edited=&#8220;on|phone&#8220; _builder_version=&#8220;4.27.4&#8243; _module_preset=&#8220;default&#8220; header_font=&#8220;OpenSans Extrabold|||on|||||&#8220; header_text_align=&#8220;left&#8220; header_text_color=&#8220;#000000&#8243; header_font_size=&#8220;25px&#8220; header_line_height=&#8220;0.9em&#8220; header_2_font_size=&#8220;23px&#8220; background_color=&#8220;#FFFFFF&#8220; max_width=&#8220;830px&#8220; custom_margin=&#8220;0px||24px||false|false&#8220; custom_padding=&#8220;6px|20px|0px|0px|false|false&#8220; custom_padding_tablet=&#8220;6px|20px|0px|20px|false|false&#8220; custom_padding_phone=&#8220;9px|10px|0px|0px|false|false&#8220; custom_padding_last_edited=&#8220;on|phone&#8220; header_font_size_tablet=&#8220;90px&#8220; header_font_size_phone=&#8220;29px&#8220; header_font_size_last_edited=&#8220;on|tablet&#8220; header_line_height_tablet=&#8220;0.9em&#8220; header_line_height_phone=&#8220;0.9em&#8220; header_line_height_last_edited=&#8220;on|phone&#8220; custom_css_main_element=&#8220;display:inline-block;&#8220; global_colors_info=&#8220;{}&#8220;]<\/p>\n<h2>Hinweis gem\u00e4\u00df \u00a7 36 Verbraucherstreitbeilegungsgesetz (VSBG)<\/h2>\n<p>[\/et_pb_text][et_pb_text _builder_version=&#8220;4.27.4&#8243; _module_preset=&#8220;default&#8220; global_colors_info=&#8220;{}&#8220;]<\/p>\n<p>Ich nehme nicht an einem Streitbeilegungsverfahren vor einer Verbraucherschlichtungsstelle teil und bin hierzu auch nicht verpflichtet.<\/p>\n<p><strong>Ansprechpartner f\u00fcr Datenschutz<\/strong><\/p>\n<div class=\"impressum-left\">\n<p>Dr.-Ing. Ralf Rosenau<br \/>Stra\u00dfe A Nr. 6<br \/>02977 Hoyerswerda<\/p>\n<\/div>\n<div class=\"impressum-right\">\n<p>Tel.: 03571 \/ 4205 &#8211; 0<br \/>Fax : 03571 \/ 4205 &#8211; 30<\/p>\n<p>E-Mail: <a href=\"mailto:datenschutz@vermessungsbuero-rosenau.de\">datenschutz@vermessungsbuero-rosenau.de<\/a><\/p>\n<\/div>\n<p>[\/et_pb_text][et_pb_text _builder_version=&#8220;4.27.4&#8243; _module_preset=&#8220;default&#8220; header_font=&#8220;OpenSans Extrabold|||on|||||&#8220; header_text_align=&#8220;left&#8220; header_text_color=&#8220;#000000&#8243; header_font_size=&#8220;25px&#8220; header_line_height=&#8220;0.9em&#8220; header_2_font_size=&#8220;23px&#8220; background_color=&#8220;#FFFFFF&#8220; max_width=&#8220;830px&#8220; custom_margin=&#8220;0px||24px||false|false&#8220; custom_padding=&#8220;6px|20px|0px|0px|false|false&#8220; custom_padding_tablet=&#8220;6px|20px|0px|20px|false|false&#8220; custom_padding_phone=&#8220;9px|10px|0px|0px|false|false&#8220; custom_padding_last_edited=&#8220;on|phone&#8220; header_font_size_tablet=&#8220;90px&#8220; header_font_size_phone=&#8220;29px&#8220; header_font_size_last_edited=&#8220;on|tablet&#8220; header_line_height_tablet=&#8220;0.9em&#8220; header_line_height_phone=&#8220;0.9em&#8220; header_line_height_last_edited=&#8220;on|phone&#8220; custom_css_main_element=&#8220;display:inline-block;&#8220; global_colors_info=&#8220;{}&#8220;]<\/p>\n<h2>Haftungsausschluss<\/h2>\n<p>[\/et_pb_text][et_pb_text _builder_version=&#8220;4.27.4&#8243; _module_preset=&#8220;default&#8220; global_colors_info=&#8220;{}&#8220;]<\/p>\n<h3>Inhalt<\/h3>\n<p class=\"text_justify\">Der Autor \u00fcbernimmt keinerlei Gew\u00e4hr f\u00fcr die Aktualit\u00e4t, Korrektheit, Vollst\u00e4ndigkeit oder Qualit\u00e4t der bereitgestellten Informationen. Haftungsanspr\u00fcche gegen den Autor, die sich auf Sch\u00e4den materieller oder ideeller Art beziehen, welche durch die Nutzung oder Nichtnutzung der dargebotenen Informationen bzw. durch die Nutzung fehlerhafter und unvollst\u00e4ndiger Informationen verursacht wurden sind grunds\u00e4tzlich ausgeschlossen, sofern seitens des Autors kein nachweislich vors\u00e4tzliches oder grob fahrl\u00e4ssiges Verschulden vorliegt. Alle Angebote sind freibleibend und unverbindlich. Der Autor beh\u00e4lt es sich ausdr\u00fccklich vor, Teile der Seiten oder das gesamte Angebot ohne gesonderte Ank\u00fcndigung zu ver\u00e4ndern, zu erg\u00e4nzen, zu l\u00f6schen oder die Ver\u00f6ffentlichung zeitweise oder endg\u00fcltig einzustellen.<\/p>\n<h3>Links<\/h3>\n<p class=\"text_justify\">Sofern auf Verweisziele (&#8222;Links&#8220;) direkt oder indirekt verwiesen wird, die au\u00dferhalb des Verantwortungsbereiches des Autors liegen, haftet dieser nur dann, wenn er von den Inhalten Kenntnis hat und es ihm technisch m\u00f6glich und zumutbar w\u00e4re, die Nutzung im Falle rechtswidriger Inhalte zu verhindern. F\u00fcr dar\u00fcber hinausgehende Inhalte und insbesondere f\u00fcr Sch\u00e4den, die aus der Nutzung oder Nichtnutzung solcherart dargebotener Informationen entstehen, haftet allein der Anbieter der Seite, auf welche verwiesen wurde, nicht derjenige, der \u00fcber Links auf die jeweilige Ver\u00f6ffentlichung lediglich verweist. Diese Einschr\u00e4nkung gilt gleicherma\u00dfen auch f\u00fcr Fremdeintr\u00e4ge in vom Autor eingerichteten G\u00e4steb\u00fcchern, Diskussionsforen und Mailinglisten.<\/p>\n<h3>Urheberrecht<\/h3>\n<p class=\"text_justify\">Das Copyright f\u00fcr ver\u00f6ffentlichte, vom Autor selbst erstellte Objekte bleibt allein beim Autor der Seiten. Eine Vervielf\u00e4ltigung oder Verwendung solcher Grafiken, Tondokumente, Videosequenzen und Texte in anderen elektronischen oder gedruckten Publikationen ist ohne ausdr\u00fcckliche Zustimmung des Autors nicht gestattet.<\/p>\n<h3>Rechtswirksamkeit<\/h3>\n<p class=\"text_justify\">Sofern Teile oder einzelne Formulierungen dieses Textes der geltenden Rechtslage nicht, nicht mehr oder nicht vollst\u00e4ndig entsprechen sollten, bleiben die \u00fcbrigen Teile des Dokumentes in ihrem Inhalt und ihrer G\u00fcltigkeit davon unber\u00fchrt.<\/p>\n<div class=\"impressum-right\">\n<p>&nbsp;<\/p>\n<\/div>\n<p>[\/et_pb_text][\/et_pb_column][\/et_pb_row][\/et_pb_section][et_pb_section fb_built=&#8220;1&#8243; _builder_version=&#8220;4.22.1&#8243; _module_preset=&#8220;default&#8220; custom_margin=&#8220;0px||0px||false|false&#8220; custom_padding=&#8220;0px||0px||false|false&#8220; global_colors_info=&#8220;{}&#8220;][et_pb_row _builder_version=&#8220;4.22.1&#8243; _module_preset=&#8220;default&#8220; width=&#8220;100%&#8220; max_width=&#8220;100%&#8220; custom_margin=&#8220;0px||0px||false|false&#8220; custom_padding=&#8220;0px||0px||false|false&#8220; link_option_url=&#8220;#&#8220; global_colors_info=&#8220;{}&#8220;][et_pb_column type=&#8220;4_4&#8243; _builder_version=&#8220;4.22.1&#8243; _module_preset=&#8220;default&#8220; global_colors_info=&#8220;{}&#8220;][et_pb_image src=&#8220;https:\/\/vermessungsbuero-rosenau.de\/wordpress\/wp-content\/uploads\/2025\/03\/Foto5.jpg&#8220; alt=&#8220;Vermessungsb\u00fcro Rosenau | Hoyerswerda&#8220; title_text=&#8220;Vermessungsb\u00fcro Rosenau | Hoyerswerda&#8220; force_fullwidth=&#8220;on&#8220; _builder_version=&#8220;4.27.4&#8243; _module_preset=&#8220;default&#8220; custom_margin=&#8220;0px||0px||false|false&#8220; custom_padding=&#8220;0px||0px||false|false&#8220; global_colors_info=&#8220;{}&#8220;][\/et_pb_image][\/et_pb_column][\/et_pb_row][\/et_pb_section]<\/p>\n","protected":false},"excerpt":{"rendered":"<p>Impressum\u00d6ffentlich bestellterVermessungsingenieurDr.-Ing. Ralf RosenauStra\u00dfe A Nr. 602977 Hoyerswerda Tel.: 03571 \/ 4205 &#8211; 0Fax : 03571 \/ 4205 &#8211; 30 E-Mail: info@vermessungsbuero-rosenau.deBerufsrechtliche AngabenBerufsbezeichnung:\u00d6ffentlich bestellter Vermessungsingenieur (\u00d6bVI) Verliehen im:Freistaat SachsenZust\u00e4ndige Aufsichtsbeh\u00f6rdeStaatsbetrieb Geobasisinformation und Vermessung Sachsen (GeoSN)Postfach 10 02 4401072 DresdenZust\u00e4ndige Kammer:Ingenieurkammer SachsenBerufsrechtliche RegelungenS\u00e4chsische Verordnung \u00fcber \u00d6ffentlich bestellte Vermessungsingenieure (S\u00e4chs\u00d6bVIVO)BerufshaftpflichtversicherungAXA Versicherung AGPostfach 80 01 6170501 StuttgartHinweis gem\u00e4\u00df [&hellip;]<\/p>\n","protected":false},"author":1,"featured_media":0,"parent":0,"menu_order":0,"comment_status":"closed","ping_status":"closed","template":"","meta":{"_et_pb_use_builder":"on","_et_pb_old_content":"","_et_gb_content_width":"","footnotes":""},"class_list":["post-229863","page","type-page","status-publish","hentry"],"_links":{"self":[{"href":"https:\/\/vermessungsbuero-rosenau.de\/wordpress\/wp-json\/wp\/v2\/pages\/229863","targetHints":{"allow":["GET"]}}],"collection":[{"href":"https:\/\/vermessungsbuero-rosenau.de\/wordpress\/wp-json\/wp\/v2\/pages"}],"about":[{"href":"https:\/\/vermessungsbuero-rosenau.de\/wordpress\/wp-json\/wp\/v2\/types\/page"}],"author":[{"embeddable":true,"href":"https:\/\/vermessungsbuero-rosenau.de\/wordpress\/wp-json\/wp\/v2\/users\/1"}],"replies":[{"embeddable":true,"href":"https:\/\/vermessungsbuero-rosenau.de\/wordpress\/wp-json\/wp\/v2\/comments?post=229863"}],"version-history":[{"count":8,"href":"https:\/\/vermessungsbuero-rosenau.de\/wordpress\/wp-json\/wp\/v2\/pages\/229863\/revisions"}],"predecessor-version":[{"id":229967,"href":"https:\/\/vermessungsbuero-rosenau.de\/wordpress\/wp-json\/wp\/v2\/pages\/229863\/revisions\/229967"}],"wp:attachment":[{"href":"https:\/\/vermessungsbuero-rosenau.de\/wordpress\/wp-json\/wp\/v2\/media?parent=229863"}],"curies":[{"name":"wp","href":"https:\/\/api.w.org\/{rel}","templated":true}]}}