{"id":229939,"date":"2025-03-25T12:05:15","date_gmt":"2025-03-25T11:05:15","guid":{"rendered":"https:\/\/vermessungsbuero-rosenau.de\/wordpress\/?page_id=229939"},"modified":"2025-03-25T12:18:31","modified_gmt":"2025-03-25T11:18:31","slug":"oeffentliche-bekanntmachungen","status":"publish","type":"page","link":"https:\/\/vermessungsbuero-rosenau.de\/wordpress\/oeffentliche-bekanntmachungen\/","title":{"rendered":"\u00d6ffentliche Bekanntmachungen"},"content":{"rendered":"<p>[et_pb_section fb_built=&#8220;1&#8243; custom_padding_last_edited=&#8220;on|tablet&#8220; _builder_version=&#8220;4.27.4&#8243; _module_preset=&#8220;default&#8220; background_image=&#8220;https:\/\/vermessungsbuero-rosenau.de\/wordpress\/wp-content\/uploads\/2025\/03\/foto_7.jpg&#8220; custom_margin=&#8220;0px||0px||false|false&#8220; custom_padding=&#8220;29vh||29vh||true|false&#8220; custom_padding_tablet=&#8220;180px||200px||false|false&#8220; custom_padding_phone=&#8220;110px||90px||false|false&#8220; bottom_divider_flip=&#8220;horizontal&#8220; box_shadow_style=&#8220;preset2&#8243; box_shadow_horizontal=&#8220;0px&#8220; box_shadow_color=&#8220;#6B6B6B&#8220; global_colors_info=&#8220;{}&#8220;][et_pb_row module_class=&#8220;construction-20-inlbtnsc&#8220; _builder_version=&#8220;4.22.2&#8243; _module_preset=&#8220;default&#8220; width=&#8220;90%&#8220; max_width=&#8220;1270px&#8220; custom_margin=&#8220;0px||0px||false|false&#8220; custom_padding=&#8220;0px||0px||false|false&#8220; animation_style=&#8220;slide&#8220; animation_direction=&#8220;left&#8220; animation_speed_curve=&#8220;ease&#8220; global_colors_info=&#8220;{}&#8220;][et_pb_column type=&#8220;4_4&#8243; _builder_version=&#8220;4.22.1&#8243; _module_preset=&#8220;default&#8220; global_colors_info=&#8220;{}&#8220;][et_pb_text _builder_version=&#8220;4.27.4&#8243; _module_preset=&#8220;default&#8220; header_font=&#8220;OpenSans Extrabold|||on|||||&#8220; header_text_align=&#8220;left&#8220; header_text_color=&#8220;#000000&#8243; header_font_size=&#8220;54px&#8220; header_letter_spacing=&#8220;-3px&#8220; header_line_height=&#8220;0.9em&#8220; background_color=&#8220;#FFFFFF&#8220; max_width=&#8220;830px&#8220; custom_margin=&#8220;0px||5px||false|false&#8220; custom_padding=&#8220;13px|20px|0px|20px|false|false&#8220; custom_padding_tablet=&#8220;6px|20px|0px|20px|false|false&#8220; custom_padding_phone=&#8220;10px|10px|0px|10px|false|false&#8220; custom_padding_last_edited=&#8220;on|phone&#8220; header_font_size_tablet=&#8220;90px&#8220; header_font_size_phone=&#8220;45px&#8220; header_font_size_last_edited=&#8220;on|tablet&#8220; header_line_height_tablet=&#8220;0.9em&#8220; header_line_height_phone=&#8220;0.7em&#8220; header_line_height_last_edited=&#8220;on|phone&#8220; custom_css_main_element=&#8220;display:inline-block;&#8220; global_colors_info=&#8220;{}&#8220;]<\/p>\n<h1>\u00d6ffentliche<\/h1>\n<p>[\/et_pb_text][et_pb_text _builder_version=&#8220;4.27.4&#8243; _module_preset=&#8220;default&#8220; header_font=&#8220;OpenSans regular|||on|||||&#8220; header_text_align=&#8220;left&#8220; header_text_color=&#8220;#FFFFFF&#8220; header_font_size=&#8220;43px&#8220; max_width=&#8220;830px&#8220; custom_margin=&#8220;0px||10px||false|false&#8220; custom_margin_tablet=&#8220;0px||10px||false|false&#8220; custom_margin_phone=&#8220;0px||5px||false|false&#8220; custom_margin_last_edited=&#8220;on|phone&#8220; custom_padding=&#8220;0px||0px||false|false&#8220; hover_enabled=&#8220;0&#8243; header_font_size_tablet=&#8220;90px&#8220; header_font_size_phone=&#8220;27px&#8220; header_font_size_last_edited=&#8220;on|tablet&#8220; header_text_shadow_style=&#8220;preset2&#8243; header_text_shadow_horizontal_length=&#8220;0.03em&#8220; header_text_shadow_vertical_length=&#8220;0.03em&#8220; header_text_shadow_color=&#8220;#000000&#8243; global_colors_info=&#8220;{}&#8220; sticky_enabled=&#8220;0&#8243;]<\/p>\n<h1>Bekanntmachungen<\/h1>\n<p>[\/et_pb_text][et_pb_code admin_label=&#8220;inline-button code&#8220; _builder_version=&#8220;4.22.1&#8243; _module_preset=&#8220;default&#8220; custom_margin=&#8220;0px||0px||false|false&#8220; custom_padding=&#8220;0px||0px||false|false&#8220; global_colors_info=&#8220;{}&#8220;]<\/p>\n<style><!-- [et_pb_line_break_holder] -->  .construction-20-inlbtnsc<!-- [et_pb_line_break_holder] -->.et_pb_button_module_wrapper {<!-- [et_pb_line_break_holder] -->display: inline-block;<!-- [et_pb_line_break_holder] --><!-- [et_pb_line_break_holder] -->}<!-- [et_pb_line_break_holder] --><!-- [et_pb_line_break_holder] --><\/style>\n<p>[\/et_pb_code][\/et_pb_column][\/et_pb_row][\/et_pb_section][et_pb_section fb_built=&#8220;1&#8243; module_id=&#8220;kontakt&#8220; _builder_version=&#8220;4.27.4&#8243; _module_preset=&#8220;default&#8220; global_colors_info=&#8220;{}&#8220;][et_pb_row column_structure=&#8220;2_5,3_5&#8243; _builder_version=&#8220;4.27.4&#8243; _module_preset=&#8220;default&#8220; global_colors_info=&#8220;{}&#8220;][et_pb_column type=&#8220;2_5&#8243; _builder_version=&#8220;4.27.4&#8243; _module_preset=&#8220;default&#8220; global_colors_info=&#8220;{}&#8220;][et_pb_text _builder_version=&#8220;4.27.4&#8243; _module_preset=&#8220;default&#8220; header_font=&#8220;OpenSans regular||||||||&#8220; header_text_align=&#8220;left&#8220; header_text_color=&#8220;#000000&#8243; header_font_size=&#8220;45px&#8220; max_width=&#8220;830px&#8220; custom_margin=&#8220;0px||10px||false|false&#8220; custom_margin_tablet=&#8220;0px||10px||false|false&#8220; custom_margin_phone=&#8220;0px||5px||false|false&#8220; custom_margin_last_edited=&#8220;on|phone&#8220; custom_padding=&#8220;0px||0px||false|false&#8220; header_font_size_tablet=&#8220;90px&#8220; header_font_size_phone=&#8220;45px&#8220; header_font_size_last_edited=&#8220;on|tablet&#8220; global_colors_info=&#8220;{}&#8220;]<\/p>\n<h1>Kontakt<\/h1>\n<p>[\/et_pb_text][et_pb_text _builder_version=&#8220;4.27.4&#8243; _module_preset=&#8220;default&#8220; text_font=&#8220;OpenSans regular||||||||&#8220; text_text_color=&#8220;#000000&#8243; text_font_size=&#8220;22px&#8220; text_line_height=&#8220;1.3em&#8220; global_colors_info=&#8220;{}&#8220;]<\/p>\n<p>\u00d6ffentlich bestellter<br \/>Vermessungsingenieur<\/p>\n<p>[\/et_pb_text][et_pb_image src=&#8220;https:\/\/vermessungsbuero-rosenau.de\/wordpress\/wp-content\/uploads\/2025\/03\/Signet1993_rgb-scaled.gif&#8220; title_text=&#8220;Signet1993_rgb&#8220; _builder_version=&#8220;4.27.4&#8243; _module_preset=&#8220;default&#8220; width=&#8220;29%&#8220; max_width=&#8220;29%&#8220; global_colors_info=&#8220;{}&#8220;][\/et_pb_image][et_pb_text _builder_version=&#8220;4.27.4&#8243; _module_preset=&#8220;default&#8220; text_font=&#8220;OpenSans regular||||||||&#8220; text_line_height=&#8220;1.5em&#8220; global_colors_info=&#8220;{}&#8220;]<\/p>\n<p>Dr.-Ing. Ralf Rosenau<br \/>Stra\u00dfe A Nr. 6<br \/>02977 Hoyerswerda<\/p>\n<p>Tel.: 03571 \/ 4205 &#8211; 0<br \/>Fax : 03571 \/ 4205 &#8211; 30<\/p>\n<p>E-Mail: <a id=\"mailto\" href=\"mailto:info@vermessungsbuero-rosenau.de\">info@vermessungsbuero-rosenau.de<\/a><\/p>\n<p>[\/et_pb_text][\/et_pb_column][et_pb_column type=&#8220;3_5&#8243; _builder_version=&#8220;4.27.4&#8243; _module_preset=&#8220;default&#8220; global_colors_info=&#8220;{}&#8220;][et_pb_divider color=&#8220;#D6D6D6&#8243; divider_style=&#8220;dashed&#8220; _builder_version=&#8220;4.27.4&#8243; _module_preset=&#8220;default&#8220; hover_enabled=&#8220;0&#8243; global_colors_info=&#8220;{}&#8220; disabled_on=&#8220;off|on|on&#8220; sticky_enabled=&#8220;0&#8243;][\/et_pb_divider][et_pb_text _builder_version=&#8220;4.27.4&#8243; _module_preset=&#8220;default&#8220; text_font=&#8220;OpenSans regular||||||||&#8220; global_colors_info=&#8220;{}&#8220;]<\/p>\n<p class=\"p1\"><strong>Ank\u00fcndigung eines Grenztermins<\/strong><br \/>Gemarkung: Semmichau<\/p>\n<p>[\/et_pb_text][et_pb_text _builder_version=&#8220;4.27.4&#8243; _module_preset=&#8220;default&#8220; text_font=&#8220;OpenSans regular||||||||&#8220; global_colors_info=&#8220;{}&#8220;]<\/p>\n<p class=\"p1\">Der Grenztermin findet am Mittwoch, dem 02. April 2025 um 9:00 Uhr,<br \/>in G\u00f6da, Semmichau 29 statt.<\/p>\n<p>[\/et_pb_text][et_pb_text _builder_version=&#8220;4.27.4&#8243; _module_preset=&#8220;default&#8220; text_font=&#8220;OpenSans regular||||||||&#8220; global_colors_info=&#8220;{}&#8220;]<\/p>\n<p class=\"p1\"><strong>dazugeh\u00f6rige PDF Dokumente:<\/strong><\/p>\n<p>[\/et_pb_text][et_pb_text _builder_version=&#8220;4.27.4&#8243; _module_preset=&#8220;default&#8220; hover_enabled=&#8220;0&#8243; global_colors_info=&#8220;{}&#8220; sticky_enabled=&#8220;0&#8243;]<\/p>\n<p>2025-03-14 &#8211; <a href=\"https:\/\/vermessungsbuero-rosenau.de\/wordpress\/wp-content\/uploads\/2025\/03\/2025-03-14-Bekanntgabe-durch-Offenlegung.pdf\" target=\"_blank\" rel=\"noopener\">Bekanntgabe durch Offenlegung<\/a><br \/>2025-03-14 &#8211; <a href=\"https:\/\/vermessungsbuero-rosenau.de\/wordpress\/wp-content\/uploads\/2025\/03\/2025-03-14-Ankuendigung-Grenztermin.pdf\" target=\"_blank\" rel=\"noopener\">Ank\u00fcndigung Grenztermin<\/a><\/p>\n<p>[\/et_pb_text][et_pb_divider color=&#8220;#D6D6D6&#8243; divider_style=&#8220;dashed&#8220; _builder_version=&#8220;4.27.4&#8243; _module_preset=&#8220;default&#8220; global_colors_info=&#8220;{}&#8220;][\/et_pb_divider][\/et_pb_column][\/et_pb_row][\/et_pb_section][et_pb_section fb_built=&#8220;1&#8243; _builder_version=&#8220;4.16&#8243; background_color=&#8220;#383838&#8243; custom_padding=&#8220;||21px||false|false&#8220; global_colors_info=&#8220;{}&#8220;][et_pb_row use_custom_gutter=&#8220;on&#8220; gutter_width=&#8220;2&#8243; make_equal=&#8220;on&#8220; _builder_version=&#8220;4.16&#8243; width=&#8220;90%&#8220; max_width=&#8220;1170px&#8220; max_width_tablet=&#8220;90%&#8220; max_width_phone=&#8220;90%&#8220; max_width_last_edited=&#8220;on|desktop&#8220; custom_padding=&#8220;||0px||false|false&#8220; global_colors_info=&#8220;{}&#8220;][et_pb_column type=&#8220;4_4&#8243; _builder_version=&#8220;4.16&#8243; global_colors_info=&#8220;{}&#8220;][et_pb_image src=&#8220;https:\/\/vermessungsbuero-rosenau.de\/wordpress\/wp-content\/uploads\/2025\/03\/Logo_weiss.png&#8220; alt=&#8220;Vermessungsb\u00fcro Rosenau | Hoyerswerda&#8220; title_text=&#8220;Vermessungsb\u00fcro Rosenau | Hoyerswerda&#8220; url=&#8220;#&#8220; align=&#8220;center&#8220; align_tablet=&#8220;left&#8220; align_phone=&#8220;center&#8220; align_last_edited=&#8220;on|phone&#8220; _builder_version=&#8220;4.27.4&#8243; width=&#8220;30%&#8220; width_tablet=&#8220;30%&#8220; width_phone=&#8220;65%&#8220; width_last_edited=&#8220;on|phone&#8220; max_width=&#8220;30%&#8220; max_width_tablet=&#8220;30%&#8220; max_width_phone=&#8220;65%&#8220; max_width_last_edited=&#8220;on|phone&#8220; module_alignment=&#8220;center&#8220; module_alignment_tablet=&#8220;left&#8220; module_alignment_phone=&#8220;center&#8220; module_alignment_last_edited=&#8220;on|phone&#8220; global_colors_info=&#8220;{}&#8220;][\/et_pb_image][et_pb_text _builder_version=&#8220;4.27.4&#8243; _module_preset=&#8220;default&#8220; header_font=&#8220;OpenSans regular||||||||&#8220; header_text_color=&#8220;#FFFFFF&#8220; header_font_size=&#8220;18px&#8220; global_colors_info=&#8220;{}&#8220;]<\/p>\n<h1 class=\"et_pb_module_header\" style=\"text-align: center;\"><span>\u00d6ffentlich bestellter Vermessungsingenieur<\/span><\/h1>\n<p>[\/et_pb_text][\/et_pb_column][\/et_pb_row][et_pb_row column_structure=&#8220;1_3,1_3,1_3&#8243; use_custom_gutter=&#8220;on&#8220; gutter_width=&#8220;2&#8243; make_equal=&#8220;on&#8220; custom_padding_last_edited=&#8220;on|phone&#8220; _builder_version=&#8220;4.27.4&#8243; width=&#8220;100%&#8220; max_width=&#8220;900px&#8220; max_width_tablet=&#8220;90%&#8220; max_width_phone=&#8220;90%&#8220; max_width_last_edited=&#8220;on|desktop&#8220; custom_padding=&#8220;97px||90px||false|false&#8220; custom_padding_tablet=&#8220;57px||44px||false|false&#8220; custom_padding_phone=&#8220;49px||39px|60px|false|false&#8220; global_colors_info=&#8220;{}&#8220;][et_pb_column type=&#8220;1_3&#8243; _builder_version=&#8220;4.16&#8243; global_colors_info=&#8220;{}&#8220;][et_pb_blurb title=&#8220;Tel. 03571 42050&#8243; image=&#8220;https:\/\/vermessungsbuero-rosenau.de\/wordpress\/wp-content\/uploads\/2025\/03\/elements2-3.png&#8220; icon_placement=&#8220;left&#8220; image_icon_width=&#8220;50px&#8220; content_max_width=&#8220;100%&#8220; _builder_version=&#8220;4.27.4&#8243; header_font=&#8220;OpenSans regular||||||||&#8220; header_text_align=&#8220;left&#8220; header_text_color=&#8220;#ffffff&#8220; header_font_size=&#8220;16px&#8220; header_line_height=&#8220;2.4em&#8220; custom_margin=&#8220;|||51px|false|false&#8220; custom_margin_tablet=&#8220;|||0px|false|false&#8220; custom_margin_phone=&#8220;|||0px|false|false&#8220; custom_margin_last_edited=&#8220;on|phone&#8220; animation=&#8220;off&#8220; border_width_right_image=&#8220;15px&#8220; border_color_right_image=&#8220;rgba(0,0,0,0)&#8220; image_max_width=&#8220;50px&#8220; global_colors_info=&#8220;{}&#8220;][\/et_pb_blurb][\/et_pb_column][et_pb_column type=&#8220;1_3&#8243; _builder_version=&#8220;4.16&#8243; global_colors_info=&#8220;{}&#8220;][et_pb_blurb title=&#8220;E-Mail Kontakt&#8220; url=&#8220;mailto:%20info@vermessungsbuero-rosenau.de&#8220; image=&#8220;https:\/\/vermessungsbuero-rosenau.de\/wordpress\/wp-content\/uploads\/2025\/03\/elements2-1.png&#8220; icon_placement=&#8220;left&#8220; image_icon_width=&#8220;50px&#8220; content_max_width=&#8220;100%&#8220; _builder_version=&#8220;4.27.4&#8243; header_font=&#8220;OpenSans regular||||||||&#8220; header_text_align=&#8220;left&#8220; header_text_color=&#8220;#ffffff&#8220; header_font_size=&#8220;16px&#8220; header_line_height=&#8220;2.4em&#8220; custom_margin=&#8220;|||30px|false|false&#8220; custom_margin_tablet=&#8220;|||0px|false|false&#8220; custom_margin_phone=&#8220;|||0px|false|false&#8220; custom_margin_last_edited=&#8220;on|phone&#8220; animation=&#8220;off&#8220; border_width_right_image=&#8220;15px&#8220; border_color_right_image=&#8220;rgba(0,0,0,0)&#8220; image_max_width=&#8220;50px&#8220; global_colors_info=&#8220;{}&#8220;][\/et_pb_blurb][\/et_pb_column][et_pb_column type=&#8220;1_3&#8243; _builder_version=&#8220;4.16&#8243; global_colors_info=&#8220;{}&#8220;][et_pb_blurb title=&#8220;02977 Hoyerswerda&#8220; image=&#8220;https:\/\/vermessungsbuero-rosenau.de\/wordpress\/wp-content\/uploads\/2025\/03\/elements2-2.png&#8220; icon_placement=&#8220;left&#8220; image_icon_width=&#8220;50px&#8220; content_max_width=&#8220;100%&#8220; _builder_version=&#8220;4.27.4&#8243; header_font=&#8220;OpenSans regular||||||||&#8220; header_text_align=&#8220;left&#8220; header_text_color=&#8220;#ffffff&#8220; header_font_size=&#8220;16px&#8220; header_line_height=&#8220;2.4em&#8220; custom_margin=&#8220;|||39px|false|false&#8220; custom_margin_tablet=&#8220;|||0px|false|false&#8220; custom_margin_phone=&#8220;|||0px|false|false&#8220; custom_margin_last_edited=&#8220;on|phone&#8220; animation=&#8220;off&#8220; border_width_right_image=&#8220;15px&#8220; border_color_right_image=&#8220;rgba(0,0,0,0)&#8220; image_max_width=&#8220;50px&#8220; global_colors_info=&#8220;{}&#8220;][\/et_pb_blurb][\/et_pb_column][\/et_pb_row][et_pb_row column_structure=&#8220;1_3,1_3,1_3&#8243; use_custom_gutter=&#8220;on&#8220; gutter_width=&#8220;2&#8243; make_equal=&#8220;on&#8220; _builder_version=&#8220;4.16&#8243; width=&#8220;90%&#8220; max_width=&#8220;1170px&#8220; max_width_tablet=&#8220;90%&#8220; max_width_phone=&#8220;90%&#8220; max_width_last_edited=&#8220;on|desktop&#8220; custom_padding=&#8220;24px||2px||false|false&#8220; border_width_top=&#8220;1px&#8220; border_color_top=&#8220;rgba(255,255,255,0.3)&#8220; global_colors_info=&#8220;{}&#8220;][et_pb_column type=&#8220;1_3&#8243; _builder_version=&#8220;4.16&#8243; z_index=&#8220;999&#8243; global_colors_info=&#8220;{}&#8220;][et_pb_menu menu_id=&#8220;5&#8243; active_link_color=&#8220;#ffffff&#8220; dropdown_menu_bg_color=&#8220;#ffffff&#8220; dropdown_menu_line_color=&#8220;#ffffff&#8220; dropdown_menu_text_color=&#8220;#000000&#8243; dropdown_menu_active_link_color=&#8220;#000000&#8243; mobile_menu_bg_color=&#8220;#ffffff&#8220; mobile_menu_text_color=&#8220;#000000&#8243; cart_icon_color=&#8220;#ffffff&#8220; search_icon_color=&#8220;#ffffff&#8220; menu_icon_color=&#8220;#ffffff&#8220; disabled_on=&#8220;on|off|off&#8220; _builder_version=&#8220;4.27.4&#8243; menu_font=&#8220;OpenSans regular||||||||&#8220; menu_text_color=&#8220;#ffffff&#8220; menu_line_height=&#8220;0.9em&#8220; background_color=&#8220;rgba(0,0,0,0)&#8220; background_layout=&#8220;dark&#8220; overflow-x=&#8220;visible&#8220; overflow-y=&#8220;visible&#8220; background_color_phone=&#8220;rgba(0,0,0,0)&#8220; background_last_edited=&#8220;off|phone&#8220; background_enable_color_phone=&#8220;on&#8220; global_colors_info=&#8220;{}&#8220;][\/et_pb_menu][et_pb_text disabled_on=&#8220;off|on|on&#8220; _builder_version=&#8220;4.27.4&#8243; _module_preset=&#8220;default&#8220; global_colors_info=&#8220;{}&#8220;]<\/p>\n<p style=\"text-align: center;\"><a href=\"\/impressum\">Impressum<\/a> | <a href=\"\/datenschutz\">Datenschutz<\/a><\/p>\n<p>[\/et_pb_text][\/et_pb_column][et_pb_column type=&#8220;1_3&#8243; _builder_version=&#8220;4.16&#8243; global_colors_info=&#8220;{}&#8220;][\/et_pb_column][et_pb_column type=&#8220;1_3&#8243; _builder_version=&#8220;4.16&#8243; global_colors_info=&#8220;{}&#8220;][et_pb_text _builder_version=&#8220;4.27.4&#8243; text_font=&#8220;OpenSans regular||||||||&#8220; text_text_color=&#8220;#ffffff&#8220; text_font_size=&#8220;15px&#8220; text_line_height=&#8220;0.9em&#8220; text_orientation=&#8220;right&#8220; custom_margin=&#8220;9px||||false|false&#8220; custom_margin_tablet=&#8220;-20px||||false|false&#8220; custom_margin_phone=&#8220;-20px||||false|false&#8220; custom_margin_last_edited=&#8220;on|phone&#8220; text_line_height_tablet=&#8220;&#8220; text_line_height_phone=&#8220;1.3em&#8220; text_line_height_last_edited=&#8220;on|desktop&#8220; text_orientation_tablet=&#8220;center&#8220; text_orientation_phone=&#8220;center&#8220; text_orientation_last_edited=&#8220;on|phone&#8220; global_colors_info=&#8220;{}&#8220; text_line_height__hover_enabled=&#8220;off|desktop&#8220;]<\/p>\n<p>Copyright \u00a9 2025 &#8211; Dr.-Ing. Ralf Rosenau<\/p>\n<p>[\/et_pb_text][\/et_pb_column][\/et_pb_row][\/et_pb_section]<\/p>\n","protected":false},"excerpt":{"rendered":"<p>\u00d6ffentlicheBekanntmachungenKontakt\u00d6ffentlich bestellterVermessungsingenieurDr.-Ing. Ralf RosenauStra\u00dfe A Nr. 602977 Hoyerswerda Tel.: 03571 \/ 4205 &#8211; 0Fax : 03571 \/ 4205 &#8211; 30 E-Mail: info@vermessungsbuero-rosenau.deAnk\u00fcndigung eines GrenzterminsGemarkung: SemmichauDer Grenztermin findet am Mittwoch, dem 02. April 2025 um 9:00 Uhr,in G\u00f6da, Semmichau 29 statt.dazugeh\u00f6rige PDF Dokumente:2025-03-14 &#8211; Bekanntgabe durch Offenlegung2025-03-14 &#8211; Ank\u00fcndigung Grenztermin\u00d6ffentlich bestellter VermessungsingenieurImpressum | DatenschutzCopyright \u00a9 2025 [&hellip;]<\/p>\n","protected":false},"author":1,"featured_media":0,"parent":0,"menu_order":0,"comment_status":"closed","ping_status":"closed","template":"","meta":{"_et_pb_use_builder":"on","_et_pb_old_content":"","_et_gb_content_width":"","footnotes":""},"class_list":["post-229939","page","type-page","status-publish","hentry"],"_links":{"self":[{"href":"https:\/\/vermessungsbuero-rosenau.de\/wordpress\/wp-json\/wp\/v2\/pages\/229939","targetHints":{"allow":["GET"]}}],"collection":[{"href":"https:\/\/vermessungsbuero-rosenau.de\/wordpress\/wp-json\/wp\/v2\/pages"}],"about":[{"href":"https:\/\/vermessungsbuero-rosenau.de\/wordpress\/wp-json\/wp\/v2\/types\/page"}],"author":[{"embeddable":true,"href":"https:\/\/vermessungsbuero-rosenau.de\/wordpress\/wp-json\/wp\/v2\/users\/1"}],"replies":[{"embeddable":true,"href":"https:\/\/vermessungsbuero-rosenau.de\/wordpress\/wp-json\/wp\/v2\/comments?post=229939"}],"version-history":[{"count":11,"href":"https:\/\/vermessungsbuero-rosenau.de\/wordpress\/wp-json\/wp\/v2\/pages\/229939\/revisions"}],"predecessor-version":[{"id":229962,"href":"https:\/\/vermessungsbuero-rosenau.de\/wordpress\/wp-json\/wp\/v2\/pages\/229939\/revisions\/229962"}],"wp:attachment":[{"href":"https:\/\/vermessungsbuero-rosenau.de\/wordpress\/wp-json\/wp\/v2\/media?parent=229939"}],"curies":[{"name":"wp","href":"https:\/\/api.w.org\/{rel}","templated":true}]}}